{"id":7555,"date":"2014-03-15T19:55:01","date_gmt":"2014-03-15T19:55:01","guid":{"rendered":"http:\/\/84.200.83.159\/wp\/?page_id=7555"},"modified":"2019-08-23T21:15:04","modified_gmt":"2019-08-23T20:15:04","slug":"wir-uber-uns-2","status":"publish","type":"page","link":"https:\/\/www.adbgermania.de\/wp\/?page_id=7555","title":{"rendered":"Wir \u00fcber uns"},"content":{"rendered":"[vc_row][vc_column][vc_text_separator title=&#8221;Freundschaft&#8221;][mk_blockquote font_family=&#8221;none&#8221;]Studierst Du noch oder lebst Du schon?[\/mk_blockquote][\/vc_column][\/vc_row][vc_row][vc_column width=&#8221;1\/3&#8243;][vc_single_image image=&#8221;8006&#8243; img_size=&#8221;medium&#8221;][\/vc_column][vc_column width=&#8221;2\/3&#8243;][mk_custom_list]\n<ul>\n<li>Gemeinsames Studium von j\u00fcngeren und \u00e4lteren Semestern unterschiedlicher Fachrichtungen<\/li>\n<li>Nicht nur studieren, sondern auch leben: Spa\u00df und tolle Erfahrungen bei verschiedenen Veranstaltungen, gemeinsamem studieren und in der Freizeit<\/li>\n<li>Umgekehrter Generationenvertrag bei dem ausstudierte, bereits berufst\u00e4tige Mitglieder die aktiven Studenten durch g\u00fcnstige Zimmermieten, bei der Suche nach Praktika oder bei Berufs- und Bewerbungsberatung unterst\u00fctzen<\/li>\n<li>Lebenslange Verbindung und Freundschaft<\/li>\n<li>Zentraler Treffpunkt in unserer Jugendstilvilla \u201eGermanenhaus\u201c auf der Darmst\u00e4dter Mathildenh\u00f6he<\/li>\n<\/ul>\n[\/mk_custom_list][\/vc_column][\/vc_row][vc_row][vc_column][vc_text_separator title=&#8221;Erfolg&#8221;][mk_blockquote font_family=&#8221;none&#8221;]<b><i>Netzwerk und Weiterbildung? &#8211; Nat\u00fcrlich! <\/i><\/b><\/p>\n<p><b><i>Wir unterst\u00fctzen einander \u2013 ein Leben lang!<\/i><\/b>[\/mk_blockquote][\/vc_column][\/vc_row][vc_row][vc_column width=&#8221;1\/3&#8243;][vc_single_image image=&#8221;7984&#8243; img_size=&#8221;medium&#8221;][\/vc_column][vc_column width=&#8221;2\/3&#8243;][mk_custom_list]\n<ul>\n<li>Studienerfolg steht an erster Stelle<\/li>\n<li>Gegenseitige Unterst\u00fctzung im Studium<\/li>\n<li>Blick \u00fcber den Tellerrand des Studiums hinaus: Tolle Erfahrungen und Zusatzqualifikationen durch interessante Vortr\u00e4ge, Rhetorikseminare oder andere Workshops<\/li>\n<li>Erfahrungsaustausch \u00fcber alle Generationen<\/li>\n<li>Effektives Netzwerk mit Studien-, Berufs- und Bewerbungsberatung oder f\u00fcr die Vermittlung von Praktikumspl\u00e4tzen im In- und Ausland.<\/li>\n<\/ul>\n[\/mk_custom_list][\/vc_column][\/vc_row][vc_row][vc_column][vc_text_separator title=&#8221;Werte&#8221;][mk_blockquote font_family=&#8221;none&#8221;]<b><i>Wir bewahren nicht die Asche vergangener Zeiten,\u00a0<\/i><\/b><b><i>sondern wir tragen Flamme und Feuer weiter!<\/i><\/b>[\/mk_blockquote][\/vc_column][\/vc_row][vc_row][vc_column width=&#8221;1\/3&#8243;][vc_single_image image=&#8221;7982&#8243; img_size=&#8221;medium&#8221;][\/vc_column][vc_column width=&#8221;2\/3&#8243;][mk_custom_list]\n<ul>\n<li>Wir streben nach den burschenschaftlichen Werten von gegenseitigem Respekt, Aufrichtigkeit, Fairness und Freiheit<\/li>\n<li>Wir achten Pers\u00f6nlichkeit und Meinung anderer. Wir sind Demokraten und bilden uns politisch unabh\u00e4ngig von Parteigrenzen.<\/li>\n<li>Wir treten ein f\u00fcr die Freiheit der Wissenschaft, Freiheit der Meinung, Freiheit des Denkens &#8230; aber gleichzeitig ringen wir damit, wie weit die Freiheit des Einzelnen gehen darf, um andere nicht unbillig einzuschr\u00e4nken<\/li>\n<li>Wir wollen gute Vertreter unseres Landes sein, setzen uns f\u00fcr die V\u00f6lkerverst\u00e4ndigung ein und begegnen anderen Nationen mit Respekt und Achtung<\/li>\n<li>Wir sind uns der geschichtlichen Verantwortung unseres Landes bewusst und bef\u00fcrworten eine starke Einbindung Deutschlands in ein geeintes Europa.<\/li>\n<\/ul>\n[\/mk_custom_list][\/vc_column][\/vc_row]\n","protected":false},"excerpt":{"rendered":"<p>[vc_row][vc_column][vc_text_separator title=&#8221;Freundschaft&#8221;][mk_blockquote font_family=&#8221;none&#8221;]Studierst Du noch oder lebst Du schon?[\/mk_blockquote][\/vc_column][\/vc_row][vc_row][vc_column width=&#8221;1\/3&#8243;][vc_single_image image=&#8221;8006&#8243; img_size=&#8221;medium&#8221;][\/vc_column][vc_column width=&#8221;2\/3&#8243;][mk_custom_list] Gemeinsames Studium von j\u00fcngeren und \u00e4lteren Semestern unterschiedlicher Fachrichtungen Nicht nur studieren, sondern auch leben: Spa\u00df und tolle Erfahrungen bei verschiedenen Veranstaltungen, gemeinsamem studieren und in der Freizeit Umgekehrter Generationenvertrag bei dem ausstudierte, bereits berufst\u00e4tige Mitglieder die aktiven Studenten durch g\u00fcnstige Zimmermieten, [&hellip;]<\/p>\n","protected":false},"author":28,"featured_media":0,"parent":0,"menu_order":0,"comment_status":"open","ping_status":"open","template":"","meta":[],"_links":{"self":[{"href":"https:\/\/www.adbgermania.de\/wp\/index.php?rest_route=\/wp\/v2\/pages\/7555"}],"collection":[{"href":"https:\/\/www.adbgermania.de\/wp\/index.php?rest_route=\/wp\/v2\/pages"}],"about":[{"href":"https:\/\/www.adbgermania.de\/wp\/index.php?rest_route=\/wp\/v2\/types\/page"}],"author":[{"embeddable":true,"href":"https:\/\/www.adbgermania.de\/wp\/index.php?rest_route=\/wp\/v2\/users\/28"}],"replies":[{"embeddable":true,"href":"https:\/\/www.adbgermania.de\/wp\/index.php?rest_route=%2Fwp%2Fv2%2Fcomments&post=7555"}],"version-history":[{"count":4,"href":"https:\/\/www.adbgermania.de\/wp\/index.php?rest_route=\/wp\/v2\/pages\/7555\/revisions"}],"predecessor-version":[{"id":8030,"href":"https:\/\/www.adbgermania.de\/wp\/index.php?rest_route=\/wp\/v2\/pages\/7555\/revisions\/8030"}],"wp:attachment":[{"href":"https:\/\/www.adbgermania.de\/wp\/index.php?rest_route=%2Fwp%2Fv2%2Fmedia&parent=7555"}],"curies":[{"name":"wp","href":"https:\/\/api.w.org\/{rel}","templated":true}]}}