{"id":7546,"date":"2014-03-15T19:54:28","date_gmt":"2014-03-15T19:54:28","guid":{"rendered":"http:\/\/84.200.83.159\/wp\/?page_id=7546"},"modified":"2014-03-20T19:42:25","modified_gmt":"2014-03-20T18:42:25","slug":"geschichte-2","status":"publish","type":"page","link":"https:\/\/www.adbgermania.de\/wp\/?page_id=7546","title":{"rendered":"Geschichte"},"content":{"rendered":"<p align=\"center\"><img loading=\"lazy\" alt=\"\" src=\"http:\/\/adbgermania.de\/images\/wappen_klein.gif\" width=\"107\" height=\"150\" \/><\/p>\n<p align=\"left\"><strong>1869 (2.11.) <\/strong><br \/>\nIm Jahr der Er\u00f6ffnung der &#8220;Politechnischen Schule&#8221; in Darmstadt wird die Burschenschaft Germania, als erste in Darmstadt mit dieser Bezeichnung zugelassene Verbindung, aufgetan. Das Gr\u00fcndungslokal ist der Erbacher Hof, die heutige Brauerei Grohe.<\/p>\n<p><strong>1897 <\/strong><br \/>\nDie Vertagung der 1869er Germania wird aufgehoben und alle Alten Herren treten der 1879er Germania bei. Mit dieser Verschmelzung war die Grundlage f\u00fcr die R\u00fcckdatierung des Gr\u00fcndungsdatums auf den 2.11.1869 geschaffen.<\/p>\n<p><strong>1925 <\/strong><br \/>\nDie alten Geb\u00e4ude wurden verkauft und dank der Spendenfreudigkeit der Alten Herren das neue Germanenhaus im Alexandraweg 6 erworben.<\/p>\n<p><strong>1935 <\/strong><br \/>\nAb WS 1935\/36 wurde die Germania als Kameradschaft weitergef\u00fchrt.<\/p>\n<p><strong>1937 <\/strong><br \/>\nEs fand einen Verschmelzung der Altherrenschaft der Germania mit der Kameradschaft &#8220;Friedrich Friesen&#8221; statt.<\/p>\n<p><strong>1943<\/strong><br \/>\nDie Kameradschaft kaufte das Haus Alexandraweg 6 zur\u00fcck. In diesem Jahr wurde das Haus bei einem schweren Bombenangriff auf Darmstadt stark besch\u00e4digt. Es brannte mit Ausnahme der R\u00e4ume im Erdgescho\u00df und des Kellers aus.<\/p>\n<p><strong>1946<\/strong><br \/>\nNach dem Krieg finden sich trotz der schwierigen Verh\u00e4ltnisse die Bundesbr\u00fcder schnell zusammen.<\/p>\n<p><strong>1950<\/strong><br \/>\nBeitritt zur DB.<\/p>\n<p><strong>1952<\/strong><br \/>\nDie beiden Bundesbr\u00fcder Sch\u00f6berl erwerben das Haus Alexanderstra\u00dfe 23 f\u00fcr die Germania. Im 1.Stock \u00fcber der Gastwirtschaft soll das neue Germanenheim entstehen.<\/p>\n<p><strong>1955<\/strong><br \/>\nIn mehreren Abstimmungen entschied sich 1954\/55 die Altherrenschaft f\u00fcr einen Verbleib im Verband der Deutschen Burschenschaft, wogegen die Aktivitas wegen Ablehnung des Fechtzwanges schlie\u00dflich aus dem Verband ausscheiden mu\u00dfte. Ein Teil der Alten Herren trat zu den Aktiven \u00fcber und gr\u00fcndete einen eigenen e.V.<br \/>\nDa mit besonderer Bestimmung der bisherigen wirtschaftlichen Organisation der Mehrheitswille der AH-schaft \u00fcberspielt werden konnte, verlor die verbandstreue AH-schaft auch das Verf\u00fcgungsrecht \u00fcber das Haus Alexanderstra\u00dfe.<br \/>\nMit Hilfe der Darmst\u00e4dter Burschenschaft Frisia und anderen Burschenschaften des Verbandes konnte die verbleibende AH-Schaft jedoch sofort wieder eine neue Aktivitas in gemieteten R\u00e4umen aufziehen.<\/p>\n<p><strong>1957<\/strong><br \/>\nIm Jahre 1957 beschlossen die Alten Herren, die Ruine des ehemaligen Hauses Alexandraweg 6 wieder aufzubauen.<\/p>\n<p><strong>1963<\/strong><br \/>\nDie Aktivitas konnte wieder im eigenen Wohnheim Alexandraweg 6 ihr Leben gestalten.<\/p>\n<p><strong>1967<\/strong><br \/>\nDie Germanen bekomme einen neuen Namen :<br \/>\nAlte Darmst\u00e4dter Burschenschaft Germania<\/p>\n<p><strong>1979\/80 <\/strong><br \/>\nVorsitz der Deutschen Burschenschaft durch die Alte Darmst\u00e4dter Burschenschaft Germania.<\/p>\n<p align=\"left\"><strong>1990<\/strong><br \/>\nGr\u00fcndung der Burschenschaftlichen Initiative in Zusammenarbeit mit der B! Germania Gie\u00dfen, FLB! Arminia, Alte K\u00f6nigsberger B! Alemannia Kiel und B! Germania W\u00fcrzburg als vermittelndes Organ zwischen Burschenschaftlicher Gemeinschaft und dem Hambacher Kreis.<\/p>\n<p><strong>2001 <\/strong><br \/>\nAustritt aus der Burschenschaftlichen Initiative.<\/p>\n<p align=\"left\"><strong>03. M\u00e4rz 2012 <\/strong><\/p>\n<p align=\"left\">Gr\u00fcndungsmitglied der Initiative Burschenschaftliche Zukunft (IBZ).<\/p>\n","protected":false},"excerpt":{"rendered":"<p>1869 (2.11.) Im Jahr der Er\u00f6ffnung der &#8220;Politechnischen Schule&#8221; in Darmstadt wird die Burschenschaft Germania, als erste in Darmstadt mit dieser Bezeichnung zugelassene Verbindung, aufgetan. Das Gr\u00fcndungslokal ist der Erbacher Hof, die heutige Brauerei Grohe. 1897 Die Vertagung der 1869er Germania wird aufgehoben und alle Alten Herren treten der 1879er Germania bei. Mit dieser Verschmelzung [&hellip;]<\/p>\n","protected":false},"author":28,"featured_media":0,"parent":0,"menu_order":0,"comment_status":"open","ping_status":"open","template":"","meta":[],"_links":{"self":[{"href":"https:\/\/www.adbgermania.de\/wp\/index.php?rest_route=\/wp\/v2\/pages\/7546"}],"collection":[{"href":"https:\/\/www.adbgermania.de\/wp\/index.php?rest_route=\/wp\/v2\/pages"}],"about":[{"href":"https:\/\/www.adbgermania.de\/wp\/index.php?rest_route=\/wp\/v2\/types\/page"}],"author":[{"embeddable":true,"href":"https:\/\/www.adbgermania.de\/wp\/index.php?rest_route=\/wp\/v2\/users\/28"}],"replies":[{"embeddable":true,"href":"https:\/\/www.adbgermania.de\/wp\/index.php?rest_route=%2Fwp%2Fv2%2Fcomments&post=7546"}],"version-history":[{"count":1,"href":"https:\/\/www.adbgermania.de\/wp\/index.php?rest_route=\/wp\/v2\/pages\/7546\/revisions"}],"predecessor-version":[{"id":7549,"href":"https:\/\/www.adbgermania.de\/wp\/index.php?rest_route=\/wp\/v2\/pages\/7546\/revisions\/7549"}],"wp:attachment":[{"href":"https:\/\/www.adbgermania.de\/wp\/index.php?rest_route=%2Fwp%2Fv2%2Fmedia&parent=7546"}],"curies":[{"name":"wp","href":"https:\/\/api.w.org\/{rel}","templated":true}]}}